{"id":10465,"date":"2025-07-08T16:49:05","date_gmt":"2025-07-08T16:49:05","guid":{"rendered":"https:\/\/demo45.com\/herbolare\/?post_type=product&#038;p=10465"},"modified":"2025-08-21T01:33:50","modified_gmt":"2025-08-21T01:33:50","slug":"romero-aceite","status":"publish","type":"product","link":"https:\/\/demo45.com\/herbolare\/product\/romero-aceite\/","title":{"rendered":"Aceite Esencial de Romero Espa\u00f1ol 10 ml | 100% puro | Energizante, antioxidante y revitalizante para mente y cuerpo"},"content":{"rendered":"<p>El aceite esencial de romero espa\u00f1ol de Herbolare es un cl\u00e1sico de la aromaterapia y la herbolaria mediterr\u00e1nea. Su aroma herb\u00e1ceo y estimulante revitaliza los sentidos, aumenta la concentraci\u00f3n y ofrece propiedades antioxidantes y tonificantes. Tambi\u00e9n es ideal para masajes musculares, fortalecimiento capilar y como t\u00f3nico de bienestar integral.<\/p>\n","protected":false},"excerpt":{"rendered":"<ul>\n<li>Estimula la mente, mejora la concentraci\u00f3n y tonifica el cuerpo<\/li>\n<li>Ideal para masajes musculares relajantes (usar diluido en aceite portador)<\/li>\n<li>Apoya el enfoque mental y la energ\u00eda diaria<\/li>\n<li>\u00dasalo en champ\u00fas para fortalecer el cabello y revitalizar el cuero cabelludo<\/li>\n<li>100% puro, sin aditivos, extra\u00eddo de plantas cultivadas en el Mediterr\u00e1neo<\/li>\n<\/ul>\n","protected":false},"featured_media":10466,"comment_status":"open","ping_status":"closed","template":"","meta":{"_acf_changed":false},"product_brand":[],"product_cat":[73],"product_tag":[],"class_list":{"0":"post-10465","1":"product","2":"type-product","3":"status-publish","4":"has-post-thumbnail","6":"product_cat-aromatherapy","8":"first","9":"instock","10":"shipping-taxable","11":"purchasable","12":"product-type-simple"},"acf":[],"_links":{"self":[{"href":"https:\/\/demo45.com\/herbolare\/wp-json\/wp\/v2\/product\/10465","targetHints":{"allow":["GET"]}}],"collection":[{"href":"https:\/\/demo45.com\/herbolare\/wp-json\/wp\/v2\/product"}],"about":[{"href":"https:\/\/demo45.com\/herbolare\/wp-json\/wp\/v2\/types\/product"}],"replies":[{"embeddable":true,"href":"https:\/\/demo45.com\/herbolare\/wp-json\/wp\/v2\/comments?post=10465"}],"wp:featuredmedia":[{"embeddable":true,"href":"https:\/\/demo45.com\/herbolare\/wp-json\/wp\/v2\/media\/10466"}],"wp:attachment":[{"href":"https:\/\/demo45.com\/herbolare\/wp-json\/wp\/v2\/media?parent=10465"}],"wp:term":[{"taxonomy":"product_brand","embeddable":true,"href":"https:\/\/demo45.com\/herbolare\/wp-json\/wp\/v2\/product_brand?post=10465"},{"taxonomy":"product_cat","embeddable":true,"href":"https:\/\/demo45.com\/herbolare\/wp-json\/wp\/v2\/product_cat?post=10465"},{"taxonomy":"product_tag","embeddable":true,"href":"https:\/\/demo45.com\/herbolare\/wp-json\/wp\/v2\/product_tag?post=10465"}],"curies":[{"name":"wp","href":"https:\/\/api.w.org\/{rel}","templated":true}]}}