{"id":10458,"date":"2025-07-08T16:31:10","date_gmt":"2025-07-08T16:31:10","guid":{"rendered":"https:\/\/demo45.com\/herbolare\/?post_type=product&#038;p=10458"},"modified":"2025-08-21T19:23:34","modified_gmt":"2025-08-21T19:23:34","slug":"paquete-4-aceites-relajacion-mas-vendido-en-amazon","status":"publish","type":"product","link":"https:\/\/demo45.com\/herbolare\/product\/paquete-4-aceites-relajacion-mas-vendido-en-amazon\/","title":{"rendered":"Kit 4 Aceites Relajaci\u00f3n 5 ml | Citrus, Lavanda, Mint Citrus y Meditaci\u00f3n | Aromaterapia Natural para Estr\u00e9s, Sue\u00f1o y Bienestar | 100% Puros y Naturales"},"content":{"rendered":"","protected":false},"excerpt":{"rendered":"","protected":false},"featured_media":10459,"comment_status":"open","ping_status":"closed","template":"","meta":{"_acf_changed":false},"product_brand":[],"product_cat":[73,77],"product_tag":[],"class_list":{"0":"post-10458","1":"product","2":"type-product","3":"status-publish","4":"has-post-thumbnail","6":"product_cat-aromatherapy","7":"product_cat-packages-and-discounts","9":"first","10":"instock","11":"shipping-taxable","12":"purchasable","13":"product-type-simple"},"acf":[],"_links":{"self":[{"href":"https:\/\/demo45.com\/herbolare\/wp-json\/wp\/v2\/product\/10458","targetHints":{"allow":["GET"]}}],"collection":[{"href":"https:\/\/demo45.com\/herbolare\/wp-json\/wp\/v2\/product"}],"about":[{"href":"https:\/\/demo45.com\/herbolare\/wp-json\/wp\/v2\/types\/product"}],"replies":[{"embeddable":true,"href":"https:\/\/demo45.com\/herbolare\/wp-json\/wp\/v2\/comments?post=10458"}],"wp:featuredmedia":[{"embeddable":true,"href":"https:\/\/demo45.com\/herbolare\/wp-json\/wp\/v2\/media\/10459"}],"wp:attachment":[{"href":"https:\/\/demo45.com\/herbolare\/wp-json\/wp\/v2\/media?parent=10458"}],"wp:term":[{"taxonomy":"product_brand","embeddable":true,"href":"https:\/\/demo45.com\/herbolare\/wp-json\/wp\/v2\/product_brand?post=10458"},{"taxonomy":"product_cat","embeddable":true,"href":"https:\/\/demo45.com\/herbolare\/wp-json\/wp\/v2\/product_cat?post=10458"},{"taxonomy":"product_tag","embeddable":true,"href":"https:\/\/demo45.com\/herbolare\/wp-json\/wp\/v2\/product_tag?post=10458"}],"curies":[{"name":"wp","href":"https:\/\/api.w.org\/{rel}","templated":true}]}}