{"id":10333,"date":"2025-07-08T12:22:28","date_gmt":"2025-07-08T12:22:28","guid":{"rendered":"https:\/\/demo45.com\/herbolare\/?post_type=product&#038;p=10333"},"modified":"2025-08-21T01:50:57","modified_gmt":"2025-08-21T01:50:57","slug":"detergente-para-trastes-100-biodegradable-y-ecologico-4-litros-delicioso-aroma-naranja","status":"publish","type":"product","link":"https:\/\/demo45.com\/herbolare\/product\/detergente-para-trastes-100-biodegradable-y-ecologico-4-litros-delicioso-aroma-naranja\/","title":{"rendered":"Detergente para trastes 100% biodegradable y ecol\u00f3gico 4 litros. Delicioso aroma Naranja."},"content":{"rendered":"<p>Dile adi\u00f3s a la grasa dif\u00edcil y al cochambre con Herbolare Desengrasante Ecol\u00f3gico 4L, formulado con ingredientes activos de origen natural que eliminan residuos pegados sin afectar tu salud ni el medio ambiente.<\/p>\n<p>Gracias a su mezcla de tensoactivos biodegradables y sustancias alcalinas suaves, limpia profundamente hornos, campanas, parrillas, quemadores, vajillas y m\u00e1s, sin necesidad de guantes.<\/p>\n<p>Aroma natural a toronja. Certificado por ORBE como Biodegradable y No T\u00f3xico.<\/p>\n","protected":false},"excerpt":{"rendered":"<ul>\n<li>\u00a0PODEROSO CONTRA GRASA Y COCHAMBRE<\/li>\n<li>\u00a0FORMULACI\u00d3N ECO-AMIGABLE Y SEGURA<\/li>\n<li>\u00a0SUAVE CON LA PIEL, SIN GUANTES<\/li>\n<li>\u00a0AROMA NATURAL A TORONJA<\/li>\n<li>\u00a0VERS\u00c1TIL Y EFICIENTE<\/li>\n<\/ul>\n","protected":false},"featured_media":10334,"comment_status":"open","ping_status":"closed","template":"","meta":{"_acf_changed":false},"product_brand":[],"product_cat":[76],"product_tag":[],"class_list":{"0":"post-10333","1":"product","2":"type-product","3":"status-publish","4":"has-post-thumbnail","6":"product_cat-oraganic-products","8":"first","9":"instock","10":"shipping-taxable","11":"purchasable","12":"product-type-simple"},"acf":[],"_links":{"self":[{"href":"https:\/\/demo45.com\/herbolare\/wp-json\/wp\/v2\/product\/10333","targetHints":{"allow":["GET"]}}],"collection":[{"href":"https:\/\/demo45.com\/herbolare\/wp-json\/wp\/v2\/product"}],"about":[{"href":"https:\/\/demo45.com\/herbolare\/wp-json\/wp\/v2\/types\/product"}],"replies":[{"embeddable":true,"href":"https:\/\/demo45.com\/herbolare\/wp-json\/wp\/v2\/comments?post=10333"}],"wp:featuredmedia":[{"embeddable":true,"href":"https:\/\/demo45.com\/herbolare\/wp-json\/wp\/v2\/media\/10334"}],"wp:attachment":[{"href":"https:\/\/demo45.com\/herbolare\/wp-json\/wp\/v2\/media?parent=10333"}],"wp:term":[{"taxonomy":"product_brand","embeddable":true,"href":"https:\/\/demo45.com\/herbolare\/wp-json\/wp\/v2\/product_brand?post=10333"},{"taxonomy":"product_cat","embeddable":true,"href":"https:\/\/demo45.com\/herbolare\/wp-json\/wp\/v2\/product_cat?post=10333"},{"taxonomy":"product_tag","embeddable":true,"href":"https:\/\/demo45.com\/herbolare\/wp-json\/wp\/v2\/product_tag?post=10333"}],"curies":[{"name":"wp","href":"https:\/\/api.w.org\/{rel}","templated":true}]}}