{"id":10303,"date":"2025-07-08T11:38:14","date_gmt":"2025-07-08T11:38:14","guid":{"rendered":"https:\/\/demo45.com\/herbolare\/?post_type=product&#038;p=10303"},"modified":"2025-08-21T02:12:56","modified_gmt":"2025-08-21T02:12:56","slug":"gu-gu-stick","status":"publish","type":"product","link":"https:\/\/demo45.com\/herbolare\/product\/gu-gu-stick\/","title":{"rendered":"Gu Gu Stick Original \u2013 B\u00e1lsamo en Barra Natural con \u00c1rnica, Cal\u00e9ndula y Manzanilla | Para Golpes, Raspones y Rozaduras | Apto para Beb\u00e9s y Ni\u00f1os | Stick de 20 g"},"content":{"rendered":"<p><strong>Gu Gu Stick<\/strong>, tambi\u00e9n conocido como el famoso <em>\u201cPritt m\u00e1gico\u201d<\/em> por nuestras clientas, es un b\u00e1lsamo natural en presentaci\u00f3n de barra que ayuda a calmar r\u00e1pidamente golpes, moretones, raspaduras e irritaciones por el pa\u00f1al.<\/p>\n","protected":false},"excerpt":{"rendered":"<ul>\n<li>B\u00e1lsamo en barra ideal para moretones, raspaduras, ca\u00eddas o piel irritada.<\/li>\n<li>Con cal\u00e9ndula, \u00e1rnica, manzanilla y hamamelis: conocidos por cuidar y regenerar la piel infantil.<\/li>\n<li>Perfecto para usar en el cambio del pa\u00f1al o en salidas al parque.<\/li>\n<\/ul>\n","protected":false},"featured_media":10304,"comment_status":"open","ping_status":"closed","template":"","meta":{"_acf_changed":false},"product_brand":[],"product_cat":[75],"product_tag":[],"class_list":{"0":"post-10303","1":"product","2":"type-product","3":"status-publish","4":"has-post-thumbnail","6":"product_cat-children-and-babies","8":"first","9":"instock","10":"shipping-taxable","11":"purchasable","12":"product-type-simple"},"acf":[],"_links":{"self":[{"href":"https:\/\/demo45.com\/herbolare\/wp-json\/wp\/v2\/product\/10303","targetHints":{"allow":["GET"]}}],"collection":[{"href":"https:\/\/demo45.com\/herbolare\/wp-json\/wp\/v2\/product"}],"about":[{"href":"https:\/\/demo45.com\/herbolare\/wp-json\/wp\/v2\/types\/product"}],"replies":[{"embeddable":true,"href":"https:\/\/demo45.com\/herbolare\/wp-json\/wp\/v2\/comments?post=10303"}],"wp:featuredmedia":[{"embeddable":true,"href":"https:\/\/demo45.com\/herbolare\/wp-json\/wp\/v2\/media\/10304"}],"wp:attachment":[{"href":"https:\/\/demo45.com\/herbolare\/wp-json\/wp\/v2\/media?parent=10303"}],"wp:term":[{"taxonomy":"product_brand","embeddable":true,"href":"https:\/\/demo45.com\/herbolare\/wp-json\/wp\/v2\/product_brand?post=10303"},{"taxonomy":"product_cat","embeddable":true,"href":"https:\/\/demo45.com\/herbolare\/wp-json\/wp\/v2\/product_cat?post=10303"},{"taxonomy":"product_tag","embeddable":true,"href":"https:\/\/demo45.com\/herbolare\/wp-json\/wp\/v2\/product_tag?post=10303"}],"curies":[{"name":"wp","href":"https:\/\/api.w.org\/{rel}","templated":true}]}}