{"id":10232,"date":"2025-07-03T12:39:16","date_gmt":"2025-07-03T12:39:16","guid":{"rendered":"https:\/\/demo45.com\/herbolare\/?post_type=product&#038;p=10232"},"modified":"2025-08-21T02:01:14","modified_gmt":"2025-08-21T02:01:14","slug":"crema-corporal-con-calendula-para-toda-la-familia-150ml","status":"publish","type":"product","link":"https:\/\/demo45.com\/herbolare\/product\/crema-corporal-con-calendula-para-toda-la-familia-150ml\/","title":{"rendered":"Crema Corporal con Cal\u00e9ndula 150 ml | Piel Sensible, Irritada o con Grietas | Apta para Beb\u00e9s y Toda la Familia"},"content":{"rendered":"<p>La Crema Corporal con Cal\u00e9ndula de Herbolare est\u00e1 formulada para cuidar pieles sensibles, agrietadas o irritadas. Gracias a sus propiedades calmantes y antiinflamatorias, es ideal para beb\u00e9s, ni\u00f1os y adultos con piel delicada.<\/p>\n<p>Nutre profundamente y ayuda a regenerar la piel. Libre de fragancias, colorantes y parabenos. Nunca probada en animales.<\/p>\n","protected":false},"excerpt":{"rendered":"<ul>\n<li>Calma, hidrata y repara pieles sensibles o irritadas.<\/li>\n<li>Ideal para beb\u00e9s: \u00fasala en cambio de pa\u00f1al o zonas resecas.<\/li>\n<li>Con extracto natural de cal\u00e9ndula con acci\u00f3n antiinflamatoria.<\/li>\n<li>Sin parabenos, sin fragancias, sin colorantes.<\/li>\n<li>Apta para toda la familia, desde reci\u00e9n nacidos hasta adultos.<\/li>\n<\/ul>\n","protected":false},"featured_media":10233,"comment_status":"open","ping_status":"closed","template":"","meta":{"_acf_changed":false},"product_brand":[],"product_cat":[21],"product_tag":[],"class_list":{"0":"post-10232","1":"product","2":"type-product","3":"status-publish","4":"has-post-thumbnail","6":"product_cat-herbolare-line","8":"first","9":"instock","10":"shipping-taxable","11":"purchasable","12":"product-type-simple"},"acf":[],"_links":{"self":[{"href":"https:\/\/demo45.com\/herbolare\/wp-json\/wp\/v2\/product\/10232","targetHints":{"allow":["GET"]}}],"collection":[{"href":"https:\/\/demo45.com\/herbolare\/wp-json\/wp\/v2\/product"}],"about":[{"href":"https:\/\/demo45.com\/herbolare\/wp-json\/wp\/v2\/types\/product"}],"replies":[{"embeddable":true,"href":"https:\/\/demo45.com\/herbolare\/wp-json\/wp\/v2\/comments?post=10232"}],"wp:featuredmedia":[{"embeddable":true,"href":"https:\/\/demo45.com\/herbolare\/wp-json\/wp\/v2\/media\/10233"}],"wp:attachment":[{"href":"https:\/\/demo45.com\/herbolare\/wp-json\/wp\/v2\/media?parent=10232"}],"wp:term":[{"taxonomy":"product_brand","embeddable":true,"href":"https:\/\/demo45.com\/herbolare\/wp-json\/wp\/v2\/product_brand?post=10232"},{"taxonomy":"product_cat","embeddable":true,"href":"https:\/\/demo45.com\/herbolare\/wp-json\/wp\/v2\/product_cat?post=10232"},{"taxonomy":"product_tag","embeddable":true,"href":"https:\/\/demo45.com\/herbolare\/wp-json\/wp\/v2\/product_tag?post=10232"}],"curies":[{"name":"wp","href":"https:\/\/api.w.org\/{rel}","templated":true}]}}