{"id":10125,"date":"2025-05-27T18:35:03","date_gmt":"2025-05-27T18:35:03","guid":{"rendered":"http:\/\/demo45.com\/herbolare\/?page_id=10125"},"modified":"2025-08-04T05:26:10","modified_gmt":"2025-08-04T05:26:10","slug":"sobre-nosotros","status":"publish","type":"page","link":"https:\/\/demo45.com\/herbolare\/sobre-nosotros\/","title":{"rendered":"Sobre Nosotros"},"content":{"rendered":"<div class=\"wpb-content-wrapper\"><p>[vc_section][vc_row][vc_column css=\u00bb.vc_custom_1748366305172{padding-top: 50px !important;padding-bottom: 50px !important;}\u00bb woodmart_css_id=\u00bb6835f3d81319f\u00bb parallax_scroll=\u00bbno\u00bb woodmart_sticky_column=\u00bbfalse\u00bb wd_collapsible_content_switcher=\u00bbno\u00bb wd_column_role_offcanvas_desktop=\u00bbno\u00bb wd_column_role_offcanvas_tablet=\u00bbno\u00bb wd_column_role_offcanvas_mobile=\u00bbno\u00bb wd_column_role_content_desktop=\u00bbno\u00bb wd_column_role_content_tablet=\u00bbno\u00bb wd_column_role_content_mobile=\u00bbno\u00bb mobile_bg_img_hidden=\u00bbno\u00bb tablet_bg_img_hidden=\u00bbno\u00bb woodmart_parallax=\u00bb0&#8243; woodmart_box_shadow=\u00bbno\u00bb responsive_spacing=\u00bbeyJwYXJhbV90eXBlIjoid29vZG1hcnRfcmVzcG9uc2l2ZV9zcGFjaW5nIiwic2VsZWN0b3JfaWQiOiI2ODM1ZjNkODEzMTlmIiwic2hvcnRjb2RlIjoidmNfY29sdW1uIiwiZGF0YSI6eyJ0YWJsZXQiOnt9LCJtb2JpbGUiOnt9fX0=\u00bb mobile_reset_margin=\u00bbno\u00bb tablet_reset_margin=\u00bbno\u00bb wd_z_index=\u00bbno\u00bb]\n\t\t<div id=\"wd-6876fc6d17681\" class=\"title-wrapper wd-wpb wd-set-mb reset-last-child  wd-rs-6876fc6d17681 wd-title-color-default wd-title-style-default text-center  wd-underline-colored\">\n\t\t\t\n\t\t\t<div class=\"liner-continer\">\n\t\t\t\t<h4 class=\"woodmart-title-container title  wd-font-weight- wd-fontsize-xl\" >Nuestra historia: cuando la naturaleza sana, nace Herbolare<\/h4>\n\t\t\t\t\t\t\t<\/div>\n\t\t\t\n\t\t\t\n\t\t\t\n\t\t<\/div>\n\t\t\n\t\t[\/vc_column][\/vc_row][\/vc_section][vc_row equal_height=\u00bbyes\u00bb woodmart_css_id=\u00bb6835f2ea7e0ba\u00bb responsive_spacing=\u00bbeyJwYXJhbV90eXBlIjoid29vZG1hcnRfcmVzcG9uc2l2ZV9zcGFjaW5nIiwic2VsZWN0b3JfaWQiOiI2ODM1ZjJlYTdlMGJhIiwic2hvcnRjb2RlIjoidmNfcm93IiwiZGF0YSI6eyJ0YWJsZXQiOnt9LCJtb2JpbGUiOnt9fX0=\u00bb mobile_bg_img_hidden=\u00bbno\u00bb tablet_bg_img_hidden=\u00bbno\u00bb woodmart_parallax=\u00bb0&#8243; woodmart_gradient_switch=\u00bbno\u00bb woodmart_box_shadow=\u00bbno\u00bb wd_z_index=\u00bbno\u00bb woodmart_disable_overflow=\u00bb0&#8243; row_reverse_mobile=\u00bb0&#8243; row_reverse_tablet=\u00bb0&#8243;][vc_column][vc_row_inner][vc_column_inner width=\u00bb1\/6&#8243;][\/vc_column_inner][vc_column_inner width=\u00bb2\/3&#8243;][vc_column_text css=\u00bb\u00bb woodmart_inline=\u00bbno\u00bb text_larger=\u00bbyes\u00bb]<\/p>\n<p data-start=\"360\" data-end=\"686\">En 1988, a <strong data-start=\"371\" data-end=\"396\">Esperanza Ochoa Ramos<\/strong>, una de las fundadoras de Herbolare, le diagnosticaron <strong data-start=\"452\" data-end=\"468\">fibromialgia<\/strong>, una enfermedad que provoca un dolor cr\u00f3nico y profundo en el cuerpo. Al ser al\u00e9rgica a diversos medicamentos, Esperanza se vio obligada a buscar alternativas naturales que le brindaran alivio sin efectos secundarios.<\/p>\n<p data-start=\"688\" data-end=\"1070\">As\u00ed comenz\u00f3 un camino de investigaci\u00f3n y aprendizaje. Recorri\u00f3 el <strong data-start=\"754\" data-end=\"775\">Mercado de Sonora<\/strong> junto a hierberos, visit\u00f3 la biblioteca del <strong data-start=\"820\" data-end=\"845\">Instituto Indigenista<\/strong>, consult\u00f3 fuentes acad\u00e9micas en la <strong data-start=\"881\" data-end=\"908\">Universidad de Chapingo<\/strong> y estudi\u00f3 obras de reconocidos autores sobre plantas medicinales. Su objetivo era claro: encontrar una soluci\u00f3n efectiva, natural y segura para mitigar el dolor.<\/p>\n<p data-start=\"1072\" data-end=\"1460\">Tras cinco a\u00f1os de pruebas, ajustes y mucha paciencia, cre\u00f3 un remedio a base de plantas que logr\u00f3 aliviar sus dolores musculares. Lo llam\u00f3 <strong data-start=\"1212\" data-end=\"1224\">Dolorzen<\/strong>. Al ver su eficacia, decidi\u00f3 compartirlo con familiares y amigos que sufr\u00edan dolencias similares. La respuesta fue inmediata: alivio, agradecimiento y entusiasmo. Pronto, la cocina de su casa se convirti\u00f3 en su primer taller artesanal.<\/p>\n<p>[\/vc_column_text][\/vc_column_inner][vc_column_inner width=\u00bb1\/6&#8243;][\/vc_column_inner][\/vc_row_inner][\/vc_column][\/vc_row][vc_row woodmart_stretch_content=\u00bbsection-stretch\u00bb woodmart_css_id=\u00bb6835f21137491&#8243; responsive_spacing=\u00bbeyJwYXJhbV90eXBlIjoid29vZG1hcnRfcmVzcG9uc2l2ZV9zcGFjaW5nIiwic2VsZWN0b3JfaWQiOiI2ODM1ZjIxMTM3NDkxIiwic2hvcnRjb2RlIjoidmNfcm93IiwiZGF0YSI6eyJ0YWJsZXQiOnt9LCJtb2JpbGUiOnt9fX0=\u00bb mobile_bg_img_hidden=\u00bbno\u00bb tablet_bg_img_hidden=\u00bbno\u00bb woodmart_parallax=\u00bb0&#8243; woodmart_gradient_switch=\u00bbno\u00bb woodmart_box_shadow=\u00bbno\u00bb wd_z_index=\u00bbno\u00bb woodmart_disable_overflow=\u00bb0&#8243; row_reverse_mobile=\u00bb0&#8243; row_reverse_tablet=\u00bb0&#8243; css=\u00bb.vc_custom_1748365844395{padding-top: 50px !important;padding-bottom: 50px !important;background-image: url(http:\/\/demo45.com\/herbolare\/wp-content\/uploads\/2025\/05\/q-1.jpg?id=10091) !important;}\u00bb][vc_column]\n\t\t<div id=\"wd-6876fdce1270e\" class=\"title-wrapper wd-wpb wd-set-mb reset-last-child  wd-rs-6876fdce1270e wd-title-color-default wd-title-style-default text-center  wd-underline-colored\">\n\t\t\t\n\t\t\t<div class=\"liner-continer\">\n\t\t\t\t<h4 class=\"woodmart-title-container title  wd-font-weight- wd-fontsize-xxl\" >As\u00ed nace Herbolare<\/h4>\n\t\t\t\t\t\t\t<\/div>\n\t\t\t\n\t\t\t\n\t\t\t\n\t\t<\/div>\n\t\t\n\t\t\n\t\t<div id=\"wd-6877015817b09\" class=\"title-wrapper wd-wpb wd-set-mb reset-last-child  wd-rs-6877015817b09 wd-title-color-default wd-title-style-default text-center  wd-underline-colored\">\n\t\t\t\n\t\t\t<div class=\"liner-continer\">\n\t\t\t\t<h4 class=\"woodmart-title-container title  wd-font-weight- wd-fontsize-m\" >En mayo de 2003, naci\u00f3 oficialmente Herbolare, una empresa mexicana creada para ofrecer productos naturales de alta calidad enfocados en la prevenci\u00f3n y el cuidado de la salud. Hoy, Dolorzen es un producto con registro Sanitario, avalado por la Federaci\u00f3n Mexicana de Quiropr\u00e1ctica Deportiva, y producido en un laboratorio con altos est\u00e1ndares de calidad.<\/p>\n<p>Con m\u00e1s de 23 a\u00f1os de experiencia, Herbolare desarrolla f\u00f3rmulas basadas en ingredientes naturales de eficacia comprobada. Nuestra misi\u00f3n es clara: brindar bienestar a las familias a trav\u00e9s de soluciones que previenen, alivian y mejoran la calidad de vida, cuidando siempre del cuerpo y del entorno.<\/h4>\n\t\t\t\t\t\t\t<\/div>\n\t\t\t\n\t\t\t\n\t\t\t\n\t\t<\/div>\n\t\t\n\t\t\n\t\t<div id=\"wd-6876fe50be59e\" class=\"title-wrapper wd-wpb wd-set-mb reset-last-child  wd-rs-6876fe50be59e wd-title-color-default wd-title-style-default text-left abtp  wd-title-empty wd-underline-colored\">\n\t\t\t\n\t\t\t<div class=\"liner-continer\">\n\t\t\t\t<h4 class=\"woodmart-title-container title  wd-font-weight- wd-fontsize-l\" ><\/h4>\n\t\t\t\t\t\t\t<\/div>\n\t\t\t\n\t\t\t\n\t\t\t\n\t\t<\/div>\n\t\t\n\t\t[\/vc_column][\/vc_row][vc_row equal_height=\u00bbyes\u00bb content_placement=\u00bbmiddle\u00bb woodmart_stretch_content=\u00bbsection-stretch-content\u00bb woodmart_css_id=\u00bb6835f340cf227&#8243; responsive_spacing=\u00bbeyJwYXJhbV90eXBlIjoid29vZG1hcnRfcmVzcG9uc2l2ZV9zcGFjaW5nIiwic2VsZWN0b3JfaWQiOiI2ODM1ZjM0MGNmMjI3Iiwic2hvcnRjb2RlIjoidmNfcm93IiwiZGF0YSI6eyJ0YWJsZXQiOnt9LCJtb2JpbGUiOnt9fX0=\u00bb mobile_bg_img_hidden=\u00bbno\u00bb tablet_bg_img_hidden=\u00bbno\u00bb woodmart_parallax=\u00bb0&#8243; woodmart_gradient_switch=\u00bbno\u00bb woodmart_box_shadow=\u00bbno\u00bb wd_z_index=\u00bbno\u00bb woodmart_disable_overflow=\u00bb0&#8243; row_reverse_mobile=\u00bb0&#8243; row_reverse_tablet=\u00bb0&#8243;][vc_column width=\u00bb1\/2&#8243; css=\u00bb.vc_custom_1748366186024{margin: 0px !important;padding: 0px !important;border: 0px initial !important;}\u00bb woodmart_css_id=\u00bb6835f35e6331d\u00bb parallax_scroll=\u00bbno\u00bb woodmart_sticky_column=\u00bbfalse\u00bb wd_collapsible_content_switcher=\u00bbno\u00bb wd_column_role_offcanvas_desktop=\u00bbno\u00bb wd_column_role_offcanvas_tablet=\u00bbno\u00bb wd_column_role_offcanvas_mobile=\u00bbno\u00bb wd_column_role_content_desktop=\u00bbno\u00bb wd_column_role_content_tablet=\u00bbno\u00bb wd_column_role_content_mobile=\u00bbno\u00bb mobile_bg_img_hidden=\u00bbno\u00bb tablet_bg_img_hidden=\u00bbno\u00bb woodmart_parallax=\u00bb0&#8243; woodmart_box_shadow=\u00bbno\u00bb responsive_spacing=\u00bbeyJwYXJhbV90eXBlIjoid29vZG1hcnRfcmVzcG9uc2l2ZV9zcGFjaW5nIiwic2VsZWN0b3JfaWQiOiI2ODM1ZjM1ZTYzMzFkIiwic2hvcnRjb2RlIjoidmNfY29sdW1uIiwiZGF0YSI6eyJ0YWJsZXQiOnt9LCJtb2JpbGUiOnt9fX0=\u00bb mobile_reset_margin=\u00bbno\u00bb tablet_reset_margin=\u00bbno\u00bb wd_z_index=\u00bbno\u00bb][vc_single_image image=\u00bb10103&#8243; img_size=\u00bbfull\u00bb css=\u00bb\u00bb parallax_scroll=\u00bbno\u00bb woodmart_inline=\u00bbno\u00bb][\/vc_column][vc_column width=\u00bb1\/2&#8243; vertical_alignment=\u00bbeyJkZXZpY2VzIjp7ImRlc2t0b3AiOnsidmFsdWUiOiJjZW50ZXIifSwidGFibGV0Ijp7InZhbHVlIjoiIn0sIm1vYmlsZSI6eyJ2YWx1ZSI6IiJ9fX0=\u00bb css=\u00bb.vc_custom_1748366093216{padding-top: 30px !important;padding-bottom: 30px !important;background-color: #F5F7F2 !important;}\u00bb woodmart_css_id=\u00bb6835f3094bfb6&#8243; parallax_scroll=\u00bbno\u00bb woodmart_sticky_column=\u00bbfalse\u00bb wd_collapsible_content_switcher=\u00bbno\u00bb wd_column_role_offcanvas_desktop=\u00bbno\u00bb wd_column_role_offcanvas_tablet=\u00bbno\u00bb wd_column_role_offcanvas_mobile=\u00bbno\u00bb wd_column_role_content_desktop=\u00bbno\u00bb wd_column_role_content_tablet=\u00bbno\u00bb wd_column_role_content_mobile=\u00bbno\u00bb mobile_bg_img_hidden=\u00bbno\u00bb tablet_bg_img_hidden=\u00bbno\u00bb woodmart_parallax=\u00bb0&#8243; woodmart_box_shadow=\u00bbno\u00bb responsive_spacing=\u00bbeyJwYXJhbV90eXBlIjoid29vZG1hcnRfcmVzcG9uc2l2ZV9zcGFjaW5nIiwic2VsZWN0b3JfaWQiOiI2ODM1ZjMwOTRiZmI2Iiwic2hvcnRjb2RlIjoidmNfY29sdW1uIiwiZGF0YSI6eyJ0YWJsZXQiOnt9LCJtb2JpbGUiOnt9fX0=\u00bb mobile_reset_margin=\u00bbno\u00bb tablet_reset_margin=\u00bbno\u00bb wd_z_index=\u00bbno\u00bb][vc_column_text css=\u00bb\u00bb woodmart_inline=\u00bbno\u00bb text_larger=\u00bbno\u00bb]<\/p>\n<h1 style=\"text-align: center;\">Nuestra visi\u00f3n y compromiso<\/h1>\n<p>[\/vc_column_text][vc_column_text css=\u00bb\u00bb woodmart_inline=\u00bbno\u00bb text_larger=\u00bbyes\u00bb]<\/p>\n<ul>\n<li data-start=\"2197\" data-end=\"2340\">\n<p data-start=\"2199\" data-end=\"2340\">Innovar y crear productos basados en ingredientes naturales de la m\u00e1s alta calidad, reconocidos por su efectividad, a precios competitivos.<\/p>\n<\/li>\n<li data-start=\"2341\" data-end=\"2460\">\n<p data-start=\"2343\" data-end=\"2460\">Llevar bienestar a los hogares, previniendo y aliviando problemas de salud de manera segura, natural y responsable.<\/p>\n<\/li>\n<li data-start=\"2461\" data-end=\"2572\">\n<p data-start=\"2463\" data-end=\"2572\">Brindar un servicio cercano y excepcional, cuidando cada detalle: <strong data-start=\"2529\" data-end=\"2569\">f\u00f3rmulas, aromas, envases y texturas<\/strong>.<\/p>\n<\/li>\n<li data-start=\"2573\" data-end=\"2725\">\n<p data-start=\"2575\" data-end=\"2725\">Establecer relaciones s\u00f3lidas y respetuosas con nuestros <strong data-start=\"2632\" data-end=\"2674\">clientes, distribuidores y proveedores<\/strong>, basadas en compromiso, puntualidad y confianza.<\/p>\n<\/li>\n<\/ul>\n<p>[\/vc_column_text][vc_column_text css=\u00bb\u00bb woodmart_inline=\u00bbno\u00bb text_larger=\u00bbyes\u00bb]<\/p>\n<p data-start=\"82\" data-end=\"220\"><strong data-start=\"82\" data-end=\"218\">En mayo de 2003 se fund\u00f3 Herbolare, ampliando su l\u00ednea de productos 100\u202f% naturales con un enfoque claro en la salud y el bienestar.<\/strong><\/p>\n<p data-start=\"222\" data-end=\"380\">Los remedios naturales han estado presentes durante siglos, y hoy est\u00e1n retomando su lugar en nuestra vida diaria y en nuestros h\u00e1bitos de consumo consciente.<\/p>\n<p>[\/vc_column_text][\/vc_column][\/vc_row][vc_row css=\u00bb.vc_custom_1748366425112{padding-top: 50px !important;padding-bottom: 50px !important;}\u00bb woodmart_css_id=\u00bb6835f45132f32&#8243; responsive_spacing=\u00bbeyJwYXJhbV90eXBlIjoid29vZG1hcnRfcmVzcG9uc2l2ZV9zcGFjaW5nIiwic2VsZWN0b3JfaWQiOiI2ODM1ZjQ1MTMyZjMyIiwic2hvcnRjb2RlIjoidmNfcm93IiwiZGF0YSI6eyJ0YWJsZXQiOnt9LCJtb2JpbGUiOnt9fX0=\u00bb mobile_bg_img_hidden=\u00bbno\u00bb tablet_bg_img_hidden=\u00bbno\u00bb woodmart_parallax=\u00bb0&#8243; woodmart_gradient_switch=\u00bbno\u00bb woodmart_box_shadow=\u00bbno\u00bb wd_z_index=\u00bbno\u00bb woodmart_disable_overflow=\u00bb0&#8243; row_reverse_mobile=\u00bb0&#8243; row_reverse_tablet=\u00bb0&#8243;][vc_column][vc_column_text css=\u00bb\u00bb woodmart_inline=\u00bbno\u00bb text_larger=\u00bbno\u00bb]<\/p>\n<p style=\"text-align: center;\" data-start=\"159\" data-end=\"314\"><strong data-start=\"159\" data-end=\"312\">Herbolare es una empresa orgullosamente mexicana, con m\u00e1s de 23 a\u00f1os de experiencia desarrollando productos a base de ingredientes activos naturales.<\/strong><\/p>\n<p style=\"text-align: center;\" data-start=\"316\" data-end=\"473\">Nacimos para responder a una necesidad creciente: ofrecer alternativas naturales, efectivas y confiables para el cuidado de la salud, el cuerpo y el hogar.<\/p>\n<p style=\"text-align: center;\" data-start=\"475\" data-end=\"605\">En Herbolare creemos en el poder de lo natural, en la prevenci\u00f3n consciente y en productos que cuidan a las personas y al planeta.<\/p>\n<h2><\/h2>\n<p>[\/vc_column_text][\/vc_column][\/vc_row]<\/p>\n<\/div>","protected":false},"excerpt":{"rendered":"<p>[vc_section][vc_row][vc_column css=\u00bb.vc_custom_1748366305172{padding-top: 50px !important;padding-bottom: 50px !important;}\u00bb woodmart_css_id=\u00bb6835f3d81319f\u00bb parallax_scroll=\u00bbno\u00bb woodmart_sticky_column=\u00bbfalse\u00bb wd_collapsible_content_switcher=\u00bbno\u00bb wd_column_role_offcanvas_desktop=\u00bbno\u00bb wd_column_role_offcanvas_tablet=\u00bbno\u00bb wd_column_role_offcanvas_mobile=\u00bbno\u00bb wd_column_role_content_desktop=\u00bbno\u00bb wd_column_role_content_tablet=\u00bbno\u00bb wd_column_role_content_mobile=\u00bbno\u00bb mobile_bg_img_hidden=\u00bbno\u00bb tablet_bg_img_hidden=\u00bbno\u00bb woodmart_parallax=\u00bb0&#8243; woodmart_box_shadow=\u00bbno\u00bb<\/p>\n","protected":false},"author":1,"featured_media":0,"parent":0,"menu_order":0,"comment_status":"closed","ping_status":"closed","template":"","meta":{"_acf_changed":false,"footnotes":""},"class_list":["post-10125","page","type-page","status-publish","hentry"],"acf":[],"_links":{"self":[{"href":"https:\/\/demo45.com\/herbolare\/wp-json\/wp\/v2\/pages\/10125","targetHints":{"allow":["GET"]}}],"collection":[{"href":"https:\/\/demo45.com\/herbolare\/wp-json\/wp\/v2\/pages"}],"about":[{"href":"https:\/\/demo45.com\/herbolare\/wp-json\/wp\/v2\/types\/page"}],"author":[{"embeddable":true,"href":"https:\/\/demo45.com\/herbolare\/wp-json\/wp\/v2\/users\/1"}],"replies":[{"embeddable":true,"href":"https:\/\/demo45.com\/herbolare\/wp-json\/wp\/v2\/comments?post=10125"}],"version-history":[{"count":6,"href":"https:\/\/demo45.com\/herbolare\/wp-json\/wp\/v2\/pages\/10125\/revisions"}],"predecessor-version":[{"id":10586,"href":"https:\/\/demo45.com\/herbolare\/wp-json\/wp\/v2\/pages\/10125\/revisions\/10586"}],"wp:attachment":[{"href":"https:\/\/demo45.com\/herbolare\/wp-json\/wp\/v2\/media?parent=10125"}],"curies":[{"name":"wp","href":"https:\/\/api.w.org\/{rel}","templated":true}]}}